{"id":254,"date":"2025-05-24T18:51:35","date_gmt":"2025-05-24T18:51:35","guid":{"rendered":"https:\/\/hcimf.cz\/?page_id=254"},"modified":"2025-05-24T19:03:09","modified_gmt":"2025-05-24T19:03:09","slug":"archiv-aktualit","status":"publish","type":"page","link":"https:\/\/hcimf.cz\/index.php\/archiv-aktualit\/","title":{"rendered":"Archiv aktualit"},"content":{"rendered":"\n<h2 class=\"wp-block-heading has-text-align-center\"><strong>I. ro\u010dn\u00edk<\/strong><\/h2>\n\n\n\n<h2 class=\"wp-block-heading\">Festival Harmonia Caelestis uzav\u0159el sez\u00f3nu R\u016f\u017eencov\u00fdmi son\u00e1tami<\/h2>\n\n\n\n<p>Prvn\u00ed ro\u010dn\u00edk hudebn\u00edho festivalu Harmonia Caelestis se uzav\u0159el v ned\u011bli 15. prosince, kdy v prostor\u00e1ch plze\u0148sk\u00e9ho kostela Krista dobr\u00e9ho Past\u00fd\u0159e na Husov\u011b ulici zazn\u011bla \u201ev\u00e1no\u010dn\u00ed\u201c \u010d\u00e1st R\u016f\u017eencov\u00fdch son\u00e1t Heinricha Ignaze Bibera v pod\u00e1n\u00ed Lucie Sedl\u00e1kov\u00e9 H\u016flov\u00e9 a Jaroslava T\u016fmy. <\/p>\n\n\n\n<p>R\u016f\u017eencov\u00e9 son\u00e1ty, v\u00e1zan\u00e9 na patn\u00e1ct takzvan\u00fdch \u201er\u016f\u017eencov\u00fdch tajemstv\u00ed\u201c, pat\u0159\u00ed mezi unik\u00e1tn\u00ed hudebn\u00ed d\u00edla, kter\u00e1 se vyzna\u010duj\u00ed vysok\u00fdmi n\u00e1roky na techniku hry i lad\u011bn\u00ed n\u00e1stroj\u016f. S p\u011btic\u00ed son\u00e1t, reflektuj\u00edc\u00edch p\u011bt tajemstv\u00ed radostn\u00e9ho r\u016f\u017eence a zavr\u0161en\u00fdch motivem dvan\u00e1ctilet\u00e9ho Je\u017e\u00ed\u0161e v Chr\u00e1mu, si oba interpreti poradili naprosto bravurn\u011b,  d\u016fstojn\u011b tak uzav\u0159eli prvn\u00ed rok festivalu Harmonia Caelestis a z\u00e1rove\u0148 naladili publikum na radostn\u00e9 o\u010dek\u00e1v\u00e1n\u00ed p\u0159\u00edchodu V\u00e1noc.<\/p>\n\n\n\n<p>Festival klasick\u00e9 hudby Harmonia Caelestis byl zah\u00e1jen letos v kv\u011btnu koncertem seskupen\u00ed Classicon XX., v jeho\u017e pod\u00e1n\u00ed zazn\u011bly v r\u00e1mci Roku \u010desk\u00e9 hudby skladby m\u00e9n\u011b zn\u00e1m\u00fdch tuzemsk\u00fdch skladatel\u016f. Koncem \u010dervna v plze\u0148sk\u00e9m kostele vystoupilo duo Kristina Fialov\u00e1 a Petr Nouzovsk\u00fd, kter\u00e9 publiku zahr\u00e1lo hned n\u011bkolik \u010desk\u00fdch tv\u016frc\u016f v\u010detn\u011b Dvo\u0159\u00e1kovy Humoresky, z\u00e1\u0159\u00ed pat\u0159ilo Apollon Quartetu, v jeho\u017e pod\u00e1n\u00ed zazn\u011bla d\u00edla Bed\u0159icha Smetany, Josefa Suka a Anton\u00edna Dvo\u0159\u00e1ka.<\/p>\n\n\n\n<p>D\u011bkujeme v\u0161em, kte\u0159\u00ed festivalu Harmonia Caelestis projevili svou p\u0159\u00edze\u0148, a t\u011b\u0161\u00edme se na dal\u0161\u00ed obohacuj\u00edc\u00ed setk\u00e1n\u00ed v p\u0159\u00ed\u0161t\u00edm roce. <\/p>\n\n\n\n<figure class=\"wp-block-gallery has-nested-images columns-default is-cropped wp-block-gallery-1 is-layout-flex wp-block-gallery-is-layout-flex\">\n<figure class=\"wp-block-image size-large\"><img fetchpriority=\"high\" decoding=\"async\" width=\"768\" height=\"1024\" data-id=\"178\" src=\"https:\/\/hcimf.cz\/wp-content\/uploads\/2024\/12\/Ruzencove-sonaty-v-plzenskem-kostele-4-768x1024.jpg\" alt=\"\" class=\"wp-image-178\" srcset=\"https:\/\/hcimf.cz\/wp-content\/uploads\/2024\/12\/Ruzencove-sonaty-v-plzenskem-kostele-4-768x1024.jpg 768w, https:\/\/hcimf.cz\/wp-content\/uploads\/2024\/12\/Ruzencove-sonaty-v-plzenskem-kostele-4-225x300.jpg 225w, https:\/\/hcimf.cz\/wp-content\/uploads\/2024\/12\/Ruzencove-sonaty-v-plzenskem-kostele-4-18x24.jpg 18w, https:\/\/hcimf.cz\/wp-content\/uploads\/2024\/12\/Ruzencove-sonaty-v-plzenskem-kostele-4-27x36.jpg 27w, https:\/\/hcimf.cz\/wp-content\/uploads\/2024\/12\/Ruzencove-sonaty-v-plzenskem-kostele-4-36x48.jpg 36w, https:\/\/hcimf.cz\/wp-content\/uploads\/2024\/12\/Ruzencove-sonaty-v-plzenskem-kostele-4.jpg 960w\" sizes=\"(max-width: 706px) 89vw, (max-width: 767px) 82vw, 740px\" \/><\/figure>\n\n\n\n<figure class=\"wp-block-image size-large\"><img decoding=\"async\" width=\"1024\" height=\"768\" data-id=\"179\" src=\"https:\/\/hcimf.cz\/wp-content\/uploads\/2024\/12\/Ruzencove-sonaty-v-plzenskem-kostele-3-1024x768.jpg\" alt=\"\" class=\"wp-image-179\" srcset=\"https:\/\/hcimf.cz\/wp-content\/uploads\/2024\/12\/Ruzencove-sonaty-v-plzenskem-kostele-3-1024x768.jpg 1024w, https:\/\/hcimf.cz\/wp-content\/uploads\/2024\/12\/Ruzencove-sonaty-v-plzenskem-kostele-3-300x225.jpg 300w, https:\/\/hcimf.cz\/wp-content\/uploads\/2024\/12\/Ruzencove-sonaty-v-plzenskem-kostele-3-768x576.jpg 768w, https:\/\/hcimf.cz\/wp-content\/uploads\/2024\/12\/Ruzencove-sonaty-v-plzenskem-kostele-3-24x18.jpg 24w, https:\/\/hcimf.cz\/wp-content\/uploads\/2024\/12\/Ruzencove-sonaty-v-plzenskem-kostele-3-36x27.jpg 36w, https:\/\/hcimf.cz\/wp-content\/uploads\/2024\/12\/Ruzencove-sonaty-v-plzenskem-kostele-3-48x36.jpg 48w, https:\/\/hcimf.cz\/wp-content\/uploads\/2024\/12\/Ruzencove-sonaty-v-plzenskem-kostele-3.jpg 1280w\" sizes=\"(max-width: 706px) 89vw, (max-width: 767px) 82vw, 740px\" \/><\/figure>\n\n\n\n<figure class=\"wp-block-image size-large\"><img decoding=\"async\" width=\"1024\" height=\"768\" data-id=\"180\" src=\"https:\/\/hcimf.cz\/wp-content\/uploads\/2024\/12\/Ruzencove-sonaty-v-plzenskem-kostele-2-1024x768.jpg\" alt=\"\" class=\"wp-image-180\" srcset=\"https:\/\/hcimf.cz\/wp-content\/uploads\/2024\/12\/Ruzencove-sonaty-v-plzenskem-kostele-2-1024x768.jpg 1024w, https:\/\/hcimf.cz\/wp-content\/uploads\/2024\/12\/Ruzencove-sonaty-v-plzenskem-kostele-2-300x225.jpg 300w, https:\/\/hcimf.cz\/wp-content\/uploads\/2024\/12\/Ruzencove-sonaty-v-plzenskem-kostele-2-768x576.jpg 768w, https:\/\/hcimf.cz\/wp-content\/uploads\/2024\/12\/Ruzencove-sonaty-v-plzenskem-kostele-2-24x18.jpg 24w, https:\/\/hcimf.cz\/wp-content\/uploads\/2024\/12\/Ruzencove-sonaty-v-plzenskem-kostele-2-36x27.jpg 36w, https:\/\/hcimf.cz\/wp-content\/uploads\/2024\/12\/Ruzencove-sonaty-v-plzenskem-kostele-2-48x36.jpg 48w, https:\/\/hcimf.cz\/wp-content\/uploads\/2024\/12\/Ruzencove-sonaty-v-plzenskem-kostele-2.jpg 1280w\" sizes=\"(max-width: 706px) 89vw, (max-width: 767px) 82vw, 740px\" \/><\/figure>\n\n\n\n<figure class=\"wp-block-image size-large\"><img loading=\"lazy\" decoding=\"async\" width=\"1024\" height=\"768\" data-id=\"181\" src=\"https:\/\/hcimf.cz\/wp-content\/uploads\/2024\/12\/Ruzencove-sonaty-v-plzenskem-kostele-1-1024x768.jpg\" alt=\"\" class=\"wp-image-181\" srcset=\"https:\/\/hcimf.cz\/wp-content\/uploads\/2024\/12\/Ruzencove-sonaty-v-plzenskem-kostele-1-1024x768.jpg 1024w, https:\/\/hcimf.cz\/wp-content\/uploads\/2024\/12\/Ruzencove-sonaty-v-plzenskem-kostele-1-300x225.jpg 300w, https:\/\/hcimf.cz\/wp-content\/uploads\/2024\/12\/Ruzencove-sonaty-v-plzenskem-kostele-1-768x576.jpg 768w, https:\/\/hcimf.cz\/wp-content\/uploads\/2024\/12\/Ruzencove-sonaty-v-plzenskem-kostele-1-1536x1152.jpg 1536w, https:\/\/hcimf.cz\/wp-content\/uploads\/2024\/12\/Ruzencove-sonaty-v-plzenskem-kostele-1-24x18.jpg 24w, https:\/\/hcimf.cz\/wp-content\/uploads\/2024\/12\/Ruzencove-sonaty-v-plzenskem-kostele-1-36x27.jpg 36w, https:\/\/hcimf.cz\/wp-content\/uploads\/2024\/12\/Ruzencove-sonaty-v-plzenskem-kostele-1-48x36.jpg 48w, https:\/\/hcimf.cz\/wp-content\/uploads\/2024\/12\/Ruzencove-sonaty-v-plzenskem-kostele-1.jpg 2048w\" sizes=\"(max-width: 706px) 89vw, (max-width: 767px) 82vw, 740px\" \/><\/figure>\n<\/figure>\n\n\n\n<h2 class=\"wp-block-heading\">R\u016f\u017eencov\u00e9 son\u00e1ty v plze\u0148sk\u00e9m kostele<\/h2>\n\n\n\n<p>V polovin\u011b prosince se prostory husitsk\u00e9ho kostela v Husov\u011b ulici rozezn\u00ed R\u016f\u017eencov\u00fdmi<br>son\u00e1tami Heinricha Ignaze Bibera. Vznik R\u016f\u017eencov\u00fdch son\u00e1t (Rosenkranzsonaten, n\u011bkdy t\u00e9\u017e Tajemn\u00e9 son\u00e1ty \u2013 Mysterien-Sonaten) se datuje do druh\u00e9 poloviny 17. stolet\u00ed, a Biber ji v\u011bnoval arcibiskupovi Maxi Gandolphovi.<br><\/p>\n\n\n\n<p>R\u016f\u017eencov\u00e9 son\u00e1ty jsou tvo\u0159en\u00e9 celkem patn\u00e1cti son\u00e1tami pro housle a basso continuo a jednou passacagli\u00ed pro s\u00f3lov\u00e9 housle.<br><\/p>\n\n\n\n<p>R\u016f\u017eencov\u00e9 son\u00e1ty jsou rozd\u011blen\u00e9 do t\u0159\u00ed cykl\u016f po p\u011bti skladb\u00e1ch (a jedn\u00e9 passacaglie),<br>p\u0159i\u010dem\u017e ka\u017ed\u00fd z cykl\u016f nese n\u00e1zev podle tajemstv\u00ed r\u016f\u017eence \u2013 radostn\u00e9 (zv\u011bstov\u00e1n\u00ed Pann\u011b<br>Marii a narozen\u00ed Je\u017e\u00ed\u0161e), bolestn\u00e9 (noc v Getsemansk\u00e9 zahrad\u011b, umu\u010den\u00ed a smrt Krista) a<br>slavn\u00e9 (vzk\u0159\u00ed\u0161en\u00ed, nanebevstoupen\u00ed, letnice, a nanebevzet\u00ed a korunov\u00e1n\u00ed Panny Marie).<br><\/p>\n\n\n\n<p>V r\u00e1mci prosincov\u00e9ho koncertu v plze\u0148sk\u00e9m kostele zahraje duo Lucie Sedl\u00e1kov\u00e1 H\u016flov\u00e1 a<br>Jaroslav T\u016fma prvn\u00ed, \u201ev\u00e1no\u010dn\u00ed\u201c cyklus R\u016f\u017eencov\u00fdch son\u00e1t. Son\u00e1ty Zv\u011bstov\u00e1n\u00ed Pann\u011b Marii,<br>Nav\u0161t\u00edven\u00ed Panny Marie, Narozen\u00ed P\u00e1n\u011b, Uveden\u00ed P\u00e1n\u011b do chr\u00e1mu a Dvan\u00e1ctilet\u00fd Je\u017e\u00ed\u0161 v<br>chr\u00e1m\u011b budou p\u0159i koncert\u011b prokl\u00e1d\u00e1ny skladbami Jaroslava T\u016fmy na t\u00e9ma Adama V\u00e1clava<br>Michny.<\/p>\n\n\n\n<figure class=\"wp-block-image size-full\"><img loading=\"lazy\" decoding=\"async\" width=\"940\" height=\"788\" src=\"https:\/\/hcimf.cz\/wp-content\/uploads\/2024\/11\/RU\u030aZ\u030cENCOVE\u0301-SONA\u0301TY-Pr\u030ci\u0301spe\u030cvek-na-Facebooku.png\" alt=\"\" class=\"wp-image-175\" srcset=\"https:\/\/hcimf.cz\/wp-content\/uploads\/2024\/11\/RU\u030aZ\u030cENCOVE\u0301-SONA\u0301TY-Pr\u030ci\u0301spe\u030cvek-na-Facebooku.png 940w, https:\/\/hcimf.cz\/wp-content\/uploads\/2024\/11\/RU\u030aZ\u030cENCOVE\u0301-SONA\u0301TY-Pr\u030ci\u0301spe\u030cvek-na-Facebooku-300x251.png 300w, https:\/\/hcimf.cz\/wp-content\/uploads\/2024\/11\/RU\u030aZ\u030cENCOVE\u0301-SONA\u0301TY-Pr\u030ci\u0301spe\u030cvek-na-Facebooku-768x644.png 768w, https:\/\/hcimf.cz\/wp-content\/uploads\/2024\/11\/RU\u030aZ\u030cENCOVE\u0301-SONA\u0301TY-Pr\u030ci\u0301spe\u030cvek-na-Facebooku-24x20.png 24w, https:\/\/hcimf.cz\/wp-content\/uploads\/2024\/11\/RU\u030aZ\u030cENCOVE\u0301-SONA\u0301TY-Pr\u030ci\u0301spe\u030cvek-na-Facebooku-36x30.png 36w, https:\/\/hcimf.cz\/wp-content\/uploads\/2024\/11\/RU\u030aZ\u030cENCOVE\u0301-SONA\u0301TY-Pr\u030ci\u0301spe\u030cvek-na-Facebooku-48x40.png 48w\" sizes=\"(max-width: 706px) 89vw, (max-width: 767px) 82vw, 740px\" \/><\/figure>\n\n\n\n<h1 class=\"wp-block-heading\">V plze\u0148sk\u00e9m kostele vystoupil Apollon Quartet<\/h1>\n\n\n\n<p>V p\u0159edposledn\u00ed z\u00e1\u0159ijovou ned\u011bli se kostel Krista dobr\u00e9ho Past\u00fd\u0159e v Plzni prom\u011bnil v o\u00e1zu \u010desk\u00e9 klasick\u00e9 hudby. V r\u00e1mci festivalu Harmonia Caelestis zde vystoupil Apollon Quartet, kter\u00fd sv\u00fdm virtu\u00f3zn\u00edm proveden\u00edm skladeb Bed\u0159icha Smetany, Anton\u00edna Dvo\u0159\u00e1ka a Josefa Suka okouzlilo p\u0159\u00edtomn\u00e9 poslucha\u010de.<\/p>\n\n\n\n<p>Dokonale sehran\u00e9 kvarteto, slo\u017een\u00e9 ze zku\u0161en\u00fdch hudebn\u00edk\u016f \u0160t\u011bp\u00e1na Pra\u017e\u00e1ka, Radka K\u0159i\u017eanovsk\u00e9ho, Pavla Cipryse a Pavla Vernera, p\u0159edneslo d\u00edla p\u0159edn\u00edch \u010desk\u00fdch skladatel\u016f s virtuozitou sob\u011b vlastn\u00ed.<\/p>\n\n\n\n<p>Komorn\u00ed atmosf\u00e9ra kostela spolu s mistrovsk\u00fdm hran\u00edm v pod\u00e1n\u00ed bezprost\u0159edn\u00edch, pozitivn\u011b nalad\u011bn\u00fdch um\u011blc\u016f, vytvo\u0159ila nezapomenuteln\u00fd z\u00e1\u017eitek, kter\u00fd publikum odm\u011bnilo bou\u0159liv\u00fdm potleskem.<\/p>\n\n\n\n<p>(Foto: Luk\u00e1\u0161 Bujna)<\/p>\n\n\n\n<figure class=\"wp-block-gallery has-nested-images columns-default is-cropped wp-block-gallery-2 is-layout-flex wp-block-gallery-is-layout-flex\">\n<figure class=\"wp-block-image size-large\"><img loading=\"lazy\" decoding=\"async\" width=\"1024\" height=\"768\" data-id=\"165\" src=\"https:\/\/hcimf.cz\/wp-content\/uploads\/2024\/09\/Apollon-Plzen-1-1024x768.jpg\" alt=\"\" class=\"wp-image-165\" srcset=\"https:\/\/hcimf.cz\/wp-content\/uploads\/2024\/09\/Apollon-Plzen-1-1024x768.jpg 1024w, https:\/\/hcimf.cz\/wp-content\/uploads\/2024\/09\/Apollon-Plzen-1-300x225.jpg 300w, https:\/\/hcimf.cz\/wp-content\/uploads\/2024\/09\/Apollon-Plzen-1-768x576.jpg 768w, https:\/\/hcimf.cz\/wp-content\/uploads\/2024\/09\/Apollon-Plzen-1-1536x1152.jpg 1536w, https:\/\/hcimf.cz\/wp-content\/uploads\/2024\/09\/Apollon-Plzen-1-24x18.jpg 24w, https:\/\/hcimf.cz\/wp-content\/uploads\/2024\/09\/Apollon-Plzen-1-36x27.jpg 36w, https:\/\/hcimf.cz\/wp-content\/uploads\/2024\/09\/Apollon-Plzen-1-48x36.jpg 48w, https:\/\/hcimf.cz\/wp-content\/uploads\/2024\/09\/Apollon-Plzen-1.jpg 2048w\" sizes=\"(max-width: 706px) 89vw, (max-width: 767px) 82vw, 740px\" \/><\/figure>\n\n\n\n<figure class=\"wp-block-image size-large\"><img loading=\"lazy\" decoding=\"async\" width=\"1024\" height=\"768\" data-id=\"162\" src=\"https:\/\/hcimf.cz\/wp-content\/uploads\/2024\/09\/Apollon-Plzen-2-1024x768.jpg\" alt=\"\" class=\"wp-image-162\" srcset=\"https:\/\/hcimf.cz\/wp-content\/uploads\/2024\/09\/Apollon-Plzen-2-1024x768.jpg 1024w, https:\/\/hcimf.cz\/wp-content\/uploads\/2024\/09\/Apollon-Plzen-2-300x225.jpg 300w, https:\/\/hcimf.cz\/wp-content\/uploads\/2024\/09\/Apollon-Plzen-2-768x576.jpg 768w, https:\/\/hcimf.cz\/wp-content\/uploads\/2024\/09\/Apollon-Plzen-2-1536x1152.jpg 1536w, https:\/\/hcimf.cz\/wp-content\/uploads\/2024\/09\/Apollon-Plzen-2-24x18.jpg 24w, https:\/\/hcimf.cz\/wp-content\/uploads\/2024\/09\/Apollon-Plzen-2-36x27.jpg 36w, https:\/\/hcimf.cz\/wp-content\/uploads\/2024\/09\/Apollon-Plzen-2-48x36.jpg 48w, https:\/\/hcimf.cz\/wp-content\/uploads\/2024\/09\/Apollon-Plzen-2.jpg 2048w\" sizes=\"(max-width: 706px) 89vw, (max-width: 767px) 82vw, 740px\" \/><\/figure>\n\n\n\n<figure class=\"wp-block-image size-large\"><img loading=\"lazy\" decoding=\"async\" width=\"1024\" height=\"768\" data-id=\"164\" src=\"https:\/\/hcimf.cz\/wp-content\/uploads\/2024\/09\/Apollon-Plzen-3-1024x768.jpg\" alt=\"\" class=\"wp-image-164\" srcset=\"https:\/\/hcimf.cz\/wp-content\/uploads\/2024\/09\/Apollon-Plzen-3-1024x768.jpg 1024w, https:\/\/hcimf.cz\/wp-content\/uploads\/2024\/09\/Apollon-Plzen-3-300x225.jpg 300w, https:\/\/hcimf.cz\/wp-content\/uploads\/2024\/09\/Apollon-Plzen-3-768x576.jpg 768w, https:\/\/hcimf.cz\/wp-content\/uploads\/2024\/09\/Apollon-Plzen-3-1536x1152.jpg 1536w, https:\/\/hcimf.cz\/wp-content\/uploads\/2024\/09\/Apollon-Plzen-3-24x18.jpg 24w, https:\/\/hcimf.cz\/wp-content\/uploads\/2024\/09\/Apollon-Plzen-3-36x27.jpg 36w, https:\/\/hcimf.cz\/wp-content\/uploads\/2024\/09\/Apollon-Plzen-3-48x36.jpg 48w, https:\/\/hcimf.cz\/wp-content\/uploads\/2024\/09\/Apollon-Plzen-3.jpg 2048w\" sizes=\"(max-width: 706px) 89vw, (max-width: 767px) 82vw, 740px\" \/><\/figure>\n\n\n\n<figure class=\"wp-block-image size-large\"><img loading=\"lazy\" decoding=\"async\" width=\"1024\" height=\"768\" data-id=\"167\" src=\"https:\/\/hcimf.cz\/wp-content\/uploads\/2024\/09\/Apollon-Plzen-4-1024x768.jpg\" alt=\"\" class=\"wp-image-167\" srcset=\"https:\/\/hcimf.cz\/wp-content\/uploads\/2024\/09\/Apollon-Plzen-4-1024x768.jpg 1024w, https:\/\/hcimf.cz\/wp-content\/uploads\/2024\/09\/Apollon-Plzen-4-300x225.jpg 300w, https:\/\/hcimf.cz\/wp-content\/uploads\/2024\/09\/Apollon-Plzen-4-768x576.jpg 768w, https:\/\/hcimf.cz\/wp-content\/uploads\/2024\/09\/Apollon-Plzen-4-1536x1152.jpg 1536w, https:\/\/hcimf.cz\/wp-content\/uploads\/2024\/09\/Apollon-Plzen-4-24x18.jpg 24w, https:\/\/hcimf.cz\/wp-content\/uploads\/2024\/09\/Apollon-Plzen-4-36x27.jpg 36w, https:\/\/hcimf.cz\/wp-content\/uploads\/2024\/09\/Apollon-Plzen-4-48x36.jpg 48w, https:\/\/hcimf.cz\/wp-content\/uploads\/2024\/09\/Apollon-Plzen-4.jpg 2048w\" sizes=\"(max-width: 706px) 89vw, (max-width: 767px) 82vw, 740px\" \/><\/figure>\n\n\n\n<figure class=\"wp-block-image size-large\"><img loading=\"lazy\" decoding=\"async\" width=\"1024\" height=\"768\" data-id=\"166\" src=\"https:\/\/hcimf.cz\/wp-content\/uploads\/2024\/09\/Apollon-Plzen-5-1024x768.jpg\" alt=\"\" class=\"wp-image-166\" srcset=\"https:\/\/hcimf.cz\/wp-content\/uploads\/2024\/09\/Apollon-Plzen-5-1024x768.jpg 1024w, https:\/\/hcimf.cz\/wp-content\/uploads\/2024\/09\/Apollon-Plzen-5-300x225.jpg 300w, https:\/\/hcimf.cz\/wp-content\/uploads\/2024\/09\/Apollon-Plzen-5-768x576.jpg 768w, https:\/\/hcimf.cz\/wp-content\/uploads\/2024\/09\/Apollon-Plzen-5-1536x1152.jpg 1536w, https:\/\/hcimf.cz\/wp-content\/uploads\/2024\/09\/Apollon-Plzen-5-24x18.jpg 24w, https:\/\/hcimf.cz\/wp-content\/uploads\/2024\/09\/Apollon-Plzen-5-36x27.jpg 36w, https:\/\/hcimf.cz\/wp-content\/uploads\/2024\/09\/Apollon-Plzen-5-48x36.jpg 48w, https:\/\/hcimf.cz\/wp-content\/uploads\/2024\/09\/Apollon-Plzen-5.jpg 2048w\" sizes=\"(max-width: 706px) 89vw, (max-width: 767px) 82vw, 740px\" \/><\/figure>\n\n\n\n<figure class=\"wp-block-image size-large\"><img loading=\"lazy\" decoding=\"async\" width=\"1024\" height=\"768\" data-id=\"163\" src=\"https:\/\/hcimf.cz\/wp-content\/uploads\/2024\/09\/Apollon-Plzen-6-1024x768.jpg\" alt=\"\" class=\"wp-image-163\" srcset=\"https:\/\/hcimf.cz\/wp-content\/uploads\/2024\/09\/Apollon-Plzen-6-1024x768.jpg 1024w, https:\/\/hcimf.cz\/wp-content\/uploads\/2024\/09\/Apollon-Plzen-6-300x225.jpg 300w, https:\/\/hcimf.cz\/wp-content\/uploads\/2024\/09\/Apollon-Plzen-6-768x576.jpg 768w, https:\/\/hcimf.cz\/wp-content\/uploads\/2024\/09\/Apollon-Plzen-6-1536x1152.jpg 1536w, https:\/\/hcimf.cz\/wp-content\/uploads\/2024\/09\/Apollon-Plzen-6-24x18.jpg 24w, https:\/\/hcimf.cz\/wp-content\/uploads\/2024\/09\/Apollon-Plzen-6-36x27.jpg 36w, https:\/\/hcimf.cz\/wp-content\/uploads\/2024\/09\/Apollon-Plzen-6-48x36.jpg 48w, https:\/\/hcimf.cz\/wp-content\/uploads\/2024\/09\/Apollon-Plzen-6.jpg 1600w\" sizes=\"(max-width: 706px) 89vw, (max-width: 767px) 82vw, 740px\" \/><\/figure>\n\n\n\n<figure class=\"wp-block-image size-large\"><img loading=\"lazy\" decoding=\"async\" width=\"1024\" height=\"768\" data-id=\"168\" src=\"https:\/\/hcimf.cz\/wp-content\/uploads\/2024\/09\/Apollon-Plzen-7-1024x768.jpg\" alt=\"\" class=\"wp-image-168\" srcset=\"https:\/\/hcimf.cz\/wp-content\/uploads\/2024\/09\/Apollon-Plzen-7-1024x768.jpg 1024w, https:\/\/hcimf.cz\/wp-content\/uploads\/2024\/09\/Apollon-Plzen-7-300x225.jpg 300w, https:\/\/hcimf.cz\/wp-content\/uploads\/2024\/09\/Apollon-Plzen-7-768x576.jpg 768w, https:\/\/hcimf.cz\/wp-content\/uploads\/2024\/09\/Apollon-Plzen-7-1536x1152.jpg 1536w, https:\/\/hcimf.cz\/wp-content\/uploads\/2024\/09\/Apollon-Plzen-7-24x18.jpg 24w, https:\/\/hcimf.cz\/wp-content\/uploads\/2024\/09\/Apollon-Plzen-7-36x27.jpg 36w, https:\/\/hcimf.cz\/wp-content\/uploads\/2024\/09\/Apollon-Plzen-7-48x36.jpg 48w, https:\/\/hcimf.cz\/wp-content\/uploads\/2024\/09\/Apollon-Plzen-7.jpg 1600w\" sizes=\"(max-width: 706px) 89vw, (max-width: 767px) 82vw, 740px\" \/><\/figure>\n\n\n\n<figure class=\"wp-block-image size-large\"><img loading=\"lazy\" decoding=\"async\" width=\"1024\" height=\"768\" data-id=\"169\" src=\"https:\/\/hcimf.cz\/wp-content\/uploads\/2024\/09\/Apollon-Plzen-8-1024x768.jpg\" alt=\"\" class=\"wp-image-169\" srcset=\"https:\/\/hcimf.cz\/wp-content\/uploads\/2024\/09\/Apollon-Plzen-8-1024x768.jpg 1024w, https:\/\/hcimf.cz\/wp-content\/uploads\/2024\/09\/Apollon-Plzen-8-300x225.jpg 300w, https:\/\/hcimf.cz\/wp-content\/uploads\/2024\/09\/Apollon-Plzen-8-768x576.jpg 768w, https:\/\/hcimf.cz\/wp-content\/uploads\/2024\/09\/Apollon-Plzen-8-1536x1152.jpg 1536w, https:\/\/hcimf.cz\/wp-content\/uploads\/2024\/09\/Apollon-Plzen-8-24x18.jpg 24w, https:\/\/hcimf.cz\/wp-content\/uploads\/2024\/09\/Apollon-Plzen-8-36x27.jpg 36w, https:\/\/hcimf.cz\/wp-content\/uploads\/2024\/09\/Apollon-Plzen-8-48x36.jpg 48w, https:\/\/hcimf.cz\/wp-content\/uploads\/2024\/09\/Apollon-Plzen-8.jpg 1600w\" sizes=\"(max-width: 706px) 89vw, (max-width: 767px) 82vw, 740px\" \/><\/figure>\n\n\n\n<figure class=\"wp-block-image size-large\"><img loading=\"lazy\" decoding=\"async\" width=\"1024\" height=\"768\" data-id=\"170\" src=\"https:\/\/hcimf.cz\/wp-content\/uploads\/2024\/09\/Apollon-Plzen-9-1024x768.jpg\" alt=\"\" class=\"wp-image-170\" srcset=\"https:\/\/hcimf.cz\/wp-content\/uploads\/2024\/09\/Apollon-Plzen-9-1024x768.jpg 1024w, https:\/\/hcimf.cz\/wp-content\/uploads\/2024\/09\/Apollon-Plzen-9-300x225.jpg 300w, https:\/\/hcimf.cz\/wp-content\/uploads\/2024\/09\/Apollon-Plzen-9-768x576.jpg 768w, https:\/\/hcimf.cz\/wp-content\/uploads\/2024\/09\/Apollon-Plzen-9-1536x1152.jpg 1536w, https:\/\/hcimf.cz\/wp-content\/uploads\/2024\/09\/Apollon-Plzen-9-24x18.jpg 24w, https:\/\/hcimf.cz\/wp-content\/uploads\/2024\/09\/Apollon-Plzen-9-36x27.jpg 36w, https:\/\/hcimf.cz\/wp-content\/uploads\/2024\/09\/Apollon-Plzen-9-48x36.jpg 48w, https:\/\/hcimf.cz\/wp-content\/uploads\/2024\/09\/Apollon-Plzen-9.jpg 1600w\" sizes=\"(max-width: 706px) 89vw, (max-width: 767px) 82vw, 740px\" \/><\/figure>\n<\/figure>\n\n\n\n<h2 class=\"wp-block-heading\">Apollon Quartet v plze\u0148sk\u00e9m kostele<\/h2>\n\n\n\n<p>V ned\u011bli 22. z\u00e1\u0159\u00ed od 16 hodin vystoup\u00ed v plze\u0148sk\u00e9m kostele Krista dobr\u00e9ho past\u00fd\u0159e smy\u010dcov\u00e9 kvarteto Apollon Quartet. Zazn\u00ed skladby Bed\u0159icha Smetany, Josefa Suka a Anton\u00edna Dvo\u0159\u00e1ka. Vstupn\u00e9 je dobrovoln\u00e9. <\/p>\n\n\n\n<p>V\u00edce informac\u00ed o um\u011blc\u00edch najdete na <a href=\"https:\/\/www.apollonquartet.com\/\"><strong>ofici\u00e1ln\u00edm webu Apollon Quartet<\/strong><\/a>.<\/p>\n\n\n\n<figure class=\"wp-block-image size-full\"><img loading=\"lazy\" decoding=\"async\" width=\"940\" height=\"788\" src=\"https:\/\/hcimf.cz\/wp-content\/uploads\/2024\/08\/Apollon-Quartet-banner-Facebook.png\" alt=\"\" class=\"wp-image-159\" srcset=\"https:\/\/hcimf.cz\/wp-content\/uploads\/2024\/08\/Apollon-Quartet-banner-Facebook.png 940w, https:\/\/hcimf.cz\/wp-content\/uploads\/2024\/08\/Apollon-Quartet-banner-Facebook-300x251.png 300w, https:\/\/hcimf.cz\/wp-content\/uploads\/2024\/08\/Apollon-Quartet-banner-Facebook-768x644.png 768w, https:\/\/hcimf.cz\/wp-content\/uploads\/2024\/08\/Apollon-Quartet-banner-Facebook-24x20.png 24w, https:\/\/hcimf.cz\/wp-content\/uploads\/2024\/08\/Apollon-Quartet-banner-Facebook-36x30.png 36w, https:\/\/hcimf.cz\/wp-content\/uploads\/2024\/08\/Apollon-Quartet-banner-Facebook-48x40.png 48w\" sizes=\"(max-width: 706px) 89vw, (max-width: 767px) 82vw, 740px\" \/><\/figure>\n\n\n\n<div class=\"wp-block-buttons is-layout-flex wp-block-buttons-is-layout-flex\">\n<div class=\"wp-block-button\"><a class=\"wp-block-button__link wp-element-button\" href=\"https:\/\/hcimf.cz\/\">Zp\u011bt<\/a><\/div>\n<\/div>\n\n\n\n<p><\/p>\n","protected":false},"excerpt":{"rendered":"<p>I. ro\u010dn\u00edk Festival Harmonia Caelestis uzav\u0159el sez\u00f3nu R\u016f\u017eencov\u00fdmi son\u00e1tami Prvn\u00ed ro\u010dn\u00edk hudebn\u00edho festivalu Harmonia Caelestis se uzav\u0159el v ned\u011bli 15. prosince, kdy v prostor\u00e1ch plze\u0148sk\u00e9ho kostela Krista dobr\u00e9ho Past\u00fd\u0159e na Husov\u011b ulici zazn\u011bla \u201ev\u00e1no\u010dn\u00ed\u201c \u010d\u00e1st R\u016f\u017eencov\u00fdch son\u00e1t Heinricha Ignaze Bibera v pod\u00e1n\u00ed Lucie Sedl\u00e1kov\u00e9 H\u016flov\u00e9 a Jaroslava T\u016fmy. R\u016f\u017eencov\u00e9 son\u00e1ty, v\u00e1zan\u00e9 na patn\u00e1ct takzvan\u00fdch \u201er\u016f\u017eencov\u00fdch &hellip; <\/p>\n<p class=\"link-more\"><a href=\"https:\/\/hcimf.cz\/index.php\/archiv-aktualit\/\" class=\"more-link\">Pokra\u010dovat ve \u010dten\u00ed<span class=\"screen-reader-text\"> &#8222;Archiv aktualit&#8220;<\/span><\/a><\/p>\n","protected":false},"author":1,"featured_media":0,"parent":0,"menu_order":0,"comment_status":"closed","ping_status":"closed","template":"","meta":{"footnotes":""},"class_list":["post-254","page","type-page","status-publish","hentry"],"_links":{"self":[{"href":"https:\/\/hcimf.cz\/index.php\/wp-json\/wp\/v2\/pages\/254","targetHints":{"allow":["GET"]}}],"collection":[{"href":"https:\/\/hcimf.cz\/index.php\/wp-json\/wp\/v2\/pages"}],"about":[{"href":"https:\/\/hcimf.cz\/index.php\/wp-json\/wp\/v2\/types\/page"}],"author":[{"embeddable":true,"href":"https:\/\/hcimf.cz\/index.php\/wp-json\/wp\/v2\/users\/1"}],"replies":[{"embeddable":true,"href":"https:\/\/hcimf.cz\/index.php\/wp-json\/wp\/v2\/comments?post=254"}],"version-history":[{"count":3,"href":"https:\/\/hcimf.cz\/index.php\/wp-json\/wp\/v2\/pages\/254\/revisions"}],"predecessor-version":[{"id":264,"href":"https:\/\/hcimf.cz\/index.php\/wp-json\/wp\/v2\/pages\/254\/revisions\/264"}],"wp:attachment":[{"href":"https:\/\/hcimf.cz\/index.php\/wp-json\/wp\/v2\/media?parent=254"}],"curies":[{"name":"wp","href":"https:\/\/api.w.org\/{rel}","templated":true}]}}