{"id":28,"date":"2024-08-17T22:11:30","date_gmt":"2024-08-17T22:11:30","guid":{"rendered":"http:\/\/46.28.110.232\/?page_id=28"},"modified":"2025-05-25T17:42:47","modified_gmt":"2025-05-25T17:42:47","slug":"kontakt","status":"publish","type":"page","link":"https:\/\/hcimf.cz\/index.php\/kontakt\/","title":{"rendered":"Kontakt"},"content":{"rendered":"\n<p class=\"has-text-align-center\">Institut Plze\u0148sk\u00e9 diec\u00e9ze C\u010cSH<\/p>\n\n\n\n<p class=\"has-text-align-center\">Mikul\u00e1\u0161sk\u00e9 n\u00e1m\u011bst\u00ed 487\/11<br>326 00 Plze\u0148 2 \u2013 Slovany<\/p>\n\n\n\n<p class=\"has-text-align-center\">I\u010c: 05568170<\/p>\n\n\n\n<p class=\"has-text-align-center\">E-mail: reditel@ipd-ccsh.cz<\/p>\n\n\n\n<p><\/p>\n\n\n\n<p><\/p>\n\n\n\n<p><\/p>\n\n\n\n<p><\/p>\n","protected":false},"excerpt":{"rendered":"<p>Institut Plze\u0148sk\u00e9 diec\u00e9ze C\u010cSH Mikul\u00e1\u0161sk\u00e9 n\u00e1m\u011bst\u00ed 487\/11326 00 Plze\u0148 2 \u2013 Slovany I\u010c: 05568170 E-mail: reditel@ipd-ccsh.cz<\/p>\n","protected":false},"author":1,"featured_media":0,"parent":0,"menu_order":0,"comment_status":"closed","ping_status":"closed","template":"","meta":{"footnotes":""},"class_list":["post-28","page","type-page","status-publish","hentry"],"_links":{"self":[{"href":"https:\/\/hcimf.cz\/index.php\/wp-json\/wp\/v2\/pages\/28","targetHints":{"allow":["GET"]}}],"collection":[{"href":"https:\/\/hcimf.cz\/index.php\/wp-json\/wp\/v2\/pages"}],"about":[{"href":"https:\/\/hcimf.cz\/index.php\/wp-json\/wp\/v2\/types\/page"}],"author":[{"embeddable":true,"href":"https:\/\/hcimf.cz\/index.php\/wp-json\/wp\/v2\/users\/1"}],"replies":[{"embeddable":true,"href":"https:\/\/hcimf.cz\/index.php\/wp-json\/wp\/v2\/comments?post=28"}],"version-history":[{"count":27,"href":"https:\/\/hcimf.cz\/index.php\/wp-json\/wp\/v2\/pages\/28\/revisions"}],"predecessor-version":[{"id":458,"href":"https:\/\/hcimf.cz\/index.php\/wp-json\/wp\/v2\/pages\/28\/revisions\/458"}],"wp:attachment":[{"href":"https:\/\/hcimf.cz\/index.php\/wp-json\/wp\/v2\/media?parent=28"}],"curies":[{"name":"wp","href":"https:\/\/api.w.org\/{rel}","templated":true}]}}