{"id":344,"date":"2025-05-25T14:57:59","date_gmt":"2025-05-25T14:57:59","guid":{"rendered":"https:\/\/hcimf.cz\/?page_id=344"},"modified":"2025-06-18T13:19:27","modified_gmt":"2025-06-18T13:19:27","slug":"program-jesus","status":"publish","type":"page","link":"https:\/\/hcimf.cz\/index.php\/program-jesus\/","title":{"rendered":"Program koncertu Jes\u00fas Sampedro M\u00e1rquez"},"content":{"rendered":"\n<p>16. \u010dervence od 16:00 v Kostele Krista dobr\u00e9ho Past\u00fd\u0159e, Husova 1, Plze\u0148<\/p>\n\n\n\n<p>\ud83c\uddea\ud83c\uddf8 Eduardo Torres (1872-1934)<br>&#8222;In modo antico&#8220;<\/p>\n\n\n\n<p>\ud83c\uddea\ud83c\uddf8 Correa de Arauxo ( 1584-1654)<br>Tiento de IV Tono<\/p>\n\n\n\n<p>\ud83c\udde9\ud83c\uddea J.S. Bach (1685-1750)<br>&#8222;Fantas\u00eda y Fugue in A minor&#8220; BWV 561<\/p>\n\n\n\n<p>\ud83c\uddea\ud83c\uddf8 Eduardo Torres (1872-1934)<br>Impresi\u00f3n Teresiana<\/p>\n\n\n\n<p>\ud83c\uddee\ud83c\uddf9 Padre Davide da B\u00e9rgamo (1791-1863)<br>Elevatione<\/p>\n\n\n\n<p>\ud83c\uddea\ud83c\uddf8 Luis Leandro Mariani (1864-1925)<br>&#8222;Ofertorio para Gran Organo&#8220;<\/p>\n\n\n\n<p>\ud83c\uddea\ud83c\uddf8 Jos\u00e9 de la Vega (1929-2010)<br>&#8220; Valle de Sevilla&#8220;<\/p>\n\n\n\n<p>\ud83c\udde9\ud83c\uddea J S. Bach<br>&#8222;Toccata y Fuga D\u00f3rica BWV 538&#8220;<\/p>\n\n\n\n<p>\ud83c\uddea\ud83c\uddf8 Manuel Falla (1876 -1946)<br>&#8222;El Amor brujo&#8220;<br>Adaptaci\u00f3n al \u00d3rgano Jes\u00fas Sampedro<\/p>\n\n\n\n<div class=\"wp-block-buttons is-layout-flex wp-block-buttons-is-layout-flex\">\n<div class=\"wp-block-button\"><a class=\"wp-block-button__link wp-element-button\" href=\"https:\/\/hcimf.cz\/index.php\/program\/\">PROGRAM FESTIVALU<\/a><\/div>\n<\/div>\n\n\n\n<p><\/p>\n","protected":false},"excerpt":{"rendered":"<p>16. \u010dervence od 16:00 v Kostele Krista dobr\u00e9ho Past\u00fd\u0159e, Husova 1, Plze\u0148 \ud83c\uddea\ud83c\uddf8 Eduardo Torres (1872-1934)&#8222;In modo antico&#8220; \ud83c\uddea\ud83c\uddf8 Correa de Arauxo ( 1584-1654)Tiento de IV Tono \ud83c\udde9\ud83c\uddea J.S. Bach (1685-1750)&#8222;Fantas\u00eda y Fugue in A minor&#8220; BWV 561 \ud83c\uddea\ud83c\uddf8 Eduardo Torres (1872-1934)Impresi\u00f3n Teresiana \ud83c\uddee\ud83c\uddf9 Padre Davide da B\u00e9rgamo (1791-1863)Elevatione \ud83c\uddea\ud83c\uddf8 Luis Leandro Mariani (1864-1925)&#8222;Ofertorio para &hellip; <\/p>\n<p class=\"link-more\"><a href=\"https:\/\/hcimf.cz\/index.php\/program-jesus\/\" class=\"more-link\">Pokra\u010dovat ve \u010dten\u00ed<span class=\"screen-reader-text\"> &#8222;Program koncertu Jes\u00fas Sampedro M\u00e1rquez&#8220;<\/span><\/a><\/p>\n","protected":false},"author":1,"featured_media":0,"parent":0,"menu_order":0,"comment_status":"closed","ping_status":"closed","template":"","meta":{"footnotes":""},"class_list":["post-344","page","type-page","status-publish","hentry"],"_links":{"self":[{"href":"https:\/\/hcimf.cz\/index.php\/wp-json\/wp\/v2\/pages\/344","targetHints":{"allow":["GET"]}}],"collection":[{"href":"https:\/\/hcimf.cz\/index.php\/wp-json\/wp\/v2\/pages"}],"about":[{"href":"https:\/\/hcimf.cz\/index.php\/wp-json\/wp\/v2\/types\/page"}],"author":[{"embeddable":true,"href":"https:\/\/hcimf.cz\/index.php\/wp-json\/wp\/v2\/users\/1"}],"replies":[{"embeddable":true,"href":"https:\/\/hcimf.cz\/index.php\/wp-json\/wp\/v2\/comments?post=344"}],"version-history":[{"count":8,"href":"https:\/\/hcimf.cz\/index.php\/wp-json\/wp\/v2\/pages\/344\/revisions"}],"predecessor-version":[{"id":550,"href":"https:\/\/hcimf.cz\/index.php\/wp-json\/wp\/v2\/pages\/344\/revisions\/550"}],"wp:attachment":[{"href":"https:\/\/hcimf.cz\/index.php\/wp-json\/wp\/v2\/media?parent=344"}],"curies":[{"name":"wp","href":"https:\/\/api.w.org\/{rel}","templated":true}]}}