{"id":414,"date":"2025-05-25T16:23:12","date_gmt":"2025-05-25T16:23:12","guid":{"rendered":"https:\/\/hcimf.cz\/?page_id=414"},"modified":"2025-05-25T16:23:12","modified_gmt":"2025-05-25T16:23:12","slug":"program-koncertu-katerina-malkova-josef-kovacic","status":"publish","type":"page","link":"https:\/\/hcimf.cz\/index.php\/program-koncertu-katerina-malkova-josef-kovacic\/","title":{"rendered":"Program koncertu Kate\u0159ina M\u00e1lkov\u00e1, Josef Kova\u010di\u010d"},"content":{"rendered":"\n<p><\/p>\n\n\n\n<p>PROGRAM KONCERTU BUDE AKTUALIZOV\u00c1N<\/p>\n\n\n\n<div class=\"wp-block-buttons is-layout-flex wp-block-buttons-is-layout-flex\">\n<div class=\"wp-block-button\"><a class=\"wp-block-button__link wp-element-button\" href=\"https:\/\/hcimf.cz\/index.php\/program\/\">PROGRAM FESTIVALU<\/a><\/div>\n<\/div>\n\n\n\n<p><\/p>\n","protected":false},"excerpt":{"rendered":"<p>PROGRAM KONCERTU BUDE AKTUALIZOV\u00c1N<\/p>\n","protected":false},"author":1,"featured_media":0,"parent":0,"menu_order":0,"comment_status":"closed","ping_status":"closed","template":"","meta":{"footnotes":""},"class_list":["post-414","page","type-page","status-publish","hentry"],"_links":{"self":[{"href":"https:\/\/hcimf.cz\/index.php\/wp-json\/wp\/v2\/pages\/414","targetHints":{"allow":["GET"]}}],"collection":[{"href":"https:\/\/hcimf.cz\/index.php\/wp-json\/wp\/v2\/pages"}],"about":[{"href":"https:\/\/hcimf.cz\/index.php\/wp-json\/wp\/v2\/types\/page"}],"author":[{"embeddable":true,"href":"https:\/\/hcimf.cz\/index.php\/wp-json\/wp\/v2\/users\/1"}],"replies":[{"embeddable":true,"href":"https:\/\/hcimf.cz\/index.php\/wp-json\/wp\/v2\/comments?post=414"}],"version-history":[{"count":1,"href":"https:\/\/hcimf.cz\/index.php\/wp-json\/wp\/v2\/pages\/414\/revisions"}],"predecessor-version":[{"id":415,"href":"https:\/\/hcimf.cz\/index.php\/wp-json\/wp\/v2\/pages\/414\/revisions\/415"}],"wp:attachment":[{"href":"https:\/\/hcimf.cz\/index.php\/wp-json\/wp\/v2\/media?parent=414"}],"curies":[{"name":"wp","href":"https:\/\/api.w.org\/{rel}","templated":true}]}}