{"id":569,"date":"2025-10-10T09:58:09","date_gmt":"2025-10-10T09:58:09","guid":{"rendered":"https:\/\/hcimf.cz\/?page_id=569"},"modified":"2025-10-10T09:58:09","modified_gmt":"2025-10-10T09:58:09","slug":"program-koncetu-kateriny-malkove-varhany-a-josefa-kovacice-bas","status":"publish","type":"page","link":"https:\/\/hcimf.cz\/index.php\/program-koncetu-kateriny-malkove-varhany-a-josefa-kovacice-bas\/","title":{"rendered":"Program koncetu Kate\u0159iny M\u00e1lkov\u00e9 (varhany) a Josefa Kova\u010di\u010de (bas)"},"content":{"rendered":"\n<p>19. \u0159\u00edjna od 16:00 v Kostele Krista dobr\u00e9ho Past\u00fd\u0159e, Husova 1, Plze\u0148<\/p>\n\n\n\n<p>\ud83c\uddeb\ud83c\uddf7 <strong>Gabriel Piern\u00e9<\/strong> (1863\u20131937)<br><em>Trois pi\u00e8ces<\/em>, op. 29<br>I. Pr\u00e9lude<\/p>\n\n\n\n<p>\ud83c\uddeb\ud83c\uddf7 <strong>Charles Gounod<\/strong> (1818\u20131893)<br><em>J\u00e9sus de Nazareth<\/em><br>(anglick\u00fd text: Henry F. Chorley)<\/p>\n\n\n\n<p>\ud83c\udde9\ud83c\uddea <strong>Felix Mendelssohn-Bartholdy<\/strong> (1809\u20131847)<br><em>Paulus<\/em>, op. 36<br>\u00c1rie \u201eGott sei mir gn\u00e4dig\u201c<br><em>Sonata \u010d. 3 A dur<\/em>, op. 65<br>I. Con moto maestoso<br>II. Andante tranquillo<\/p>\n\n\n\n<p>\ud83c\uddeb\ud83c\uddf7 <strong>Hector Berlioz<\/strong> (1803\u20131869)<br><em>L\u2019Enfance du Christ<\/em>, op. 25<br>\u00c1rie Herolda \u201eO mis\u00e8re des Rois\u201c<\/p>\n\n\n\n<p>\ud83c\uddeb\ud83c\uddf7 <strong>Louis Vierne<\/strong> (1870\u20131937)<br><em>24 Pi\u00e8ces en style libre<\/em>, op. 31<br>\u2013 Madrigal<\/p>\n\n\n\n<p>\ud83c\uddeb\ud83c\uddf7 <strong>Charles Gounod<\/strong> (1818\u20131893)<br><em>Ave Maria<\/em><\/p>\n\n\n\n<p>\ud83c\uddeb\ud83c\uddf7 <strong>Camille Saint-Sa\u00ebns<\/strong> (1835\u20131921)<br><em>Ave Maria<\/em><\/p>\n\n\n\n<p>\ud83c\uddeb\ud83c\uddf7 <strong>Louis Vierne<\/strong> (1870\u20131937)<br><em>24 Pi\u00e8ces en style libre<\/em>, op. 31<br>\u2013 Arabesque<\/p>\n\n\n\n<p>\ud83c\udde8\ud83c\uddff <strong>Jan Hanu\u0161<\/strong> (1915\u20132004)<br><em>D\u0159ev\u011bn\u00fd Kristus (P\u00edsn\u011b na k\u0159\u00ed\u017e nalezen\u00fd v hor\u00e1ch)<\/em><br>V. D\u0159ev\u011bn\u00fd Kristus<br>VI. Hl\u00e1s\u00e1m milost tomu, kdo o ni pl\u00e1\u010de<\/p>\n\n\n\n<p><\/p>\n","protected":false},"excerpt":{"rendered":"<p>19. \u0159\u00edjna od 16:00 v Kostele Krista dobr\u00e9ho Past\u00fd\u0159e, Husova 1, Plze\u0148 \ud83c\uddeb\ud83c\uddf7 Gabriel Piern\u00e9 (1863\u20131937)Trois pi\u00e8ces, op. 29I. Pr\u00e9lude \ud83c\uddeb\ud83c\uddf7 Charles Gounod (1818\u20131893)J\u00e9sus de Nazareth(anglick\u00fd text: Henry F. Chorley) \ud83c\udde9\ud83c\uddea Felix Mendelssohn-Bartholdy (1809\u20131847)Paulus, op. 36\u00c1rie \u201eGott sei mir gn\u00e4dig\u201cSonata \u010d. 3 A dur, op. 65I. Con moto maestosoII. Andante tranquillo \ud83c\uddeb\ud83c\uddf7 Hector Berlioz (1803\u20131869)L\u2019Enfance &hellip; <\/p>\n<p class=\"link-more\"><a href=\"https:\/\/hcimf.cz\/index.php\/program-koncetu-kateriny-malkove-varhany-a-josefa-kovacice-bas\/\" class=\"more-link\">Pokra\u010dovat ve \u010dten\u00ed<span class=\"screen-reader-text\"> &#8222;Program koncetu Kate\u0159iny M\u00e1lkov\u00e9 (varhany) a Josefa Kova\u010di\u010de (bas)&#8220;<\/span><\/a><\/p>\n","protected":false},"author":1,"featured_media":0,"parent":0,"menu_order":0,"comment_status":"closed","ping_status":"closed","template":"","meta":{"footnotes":""},"class_list":["post-569","page","type-page","status-publish","hentry"],"_links":{"self":[{"href":"https:\/\/hcimf.cz\/index.php\/wp-json\/wp\/v2\/pages\/569","targetHints":{"allow":["GET"]}}],"collection":[{"href":"https:\/\/hcimf.cz\/index.php\/wp-json\/wp\/v2\/pages"}],"about":[{"href":"https:\/\/hcimf.cz\/index.php\/wp-json\/wp\/v2\/types\/page"}],"author":[{"embeddable":true,"href":"https:\/\/hcimf.cz\/index.php\/wp-json\/wp\/v2\/users\/1"}],"replies":[{"embeddable":true,"href":"https:\/\/hcimf.cz\/index.php\/wp-json\/wp\/v2\/comments?post=569"}],"version-history":[{"count":1,"href":"https:\/\/hcimf.cz\/index.php\/wp-json\/wp\/v2\/pages\/569\/revisions"}],"predecessor-version":[{"id":570,"href":"https:\/\/hcimf.cz\/index.php\/wp-json\/wp\/v2\/pages\/569\/revisions\/570"}],"wp:attachment":[{"href":"https:\/\/hcimf.cz\/index.php\/wp-json\/wp\/v2\/media?parent=569"}],"curies":[{"name":"wp","href":"https:\/\/api.w.org\/{rel}","templated":true}]}}